{"id":150,"date":"2020-02-03T19:40:54","date_gmt":"2020-02-03T19:40:54","guid":{"rendered":"https:\/\/ventorrillodelabuenavista.com.uy\/es\/?page_id=150"},"modified":"2021-07-08T22:58:49","modified_gmt":"2021-07-08T22:58:49","slug":"alojamiento","status":"publish","type":"page","link":"https:\/\/ventorrillodelabuenavista.com.uy\/es\/alojamiento\/","title":{"rendered":"Alojamiento"},"content":{"rendered":"<p><div class=\"fusion-fullwidth fullwidth-box fusion-builder-row-1 fusion-parallax-fixed nonhundred-percent-fullwidth non-hundred-percent-height-scrolling\"  style='background-color: rgba(255,255,255,0);background-image: url(\"https:\/\/ventorrillodelabuenavista.com.uy\/es\/wp-content\/uploads\/2020\/02\/alojamiento-100-4.jpg\");background-position: center top;background-repeat: no-repeat;padding-top:250px;padding-right:0px;padding-bottom:250px;padding-left:0px;margin-bottom: 5px;margin-top: 5px;-webkit-background-size:cover;-moz-background-size:cover;-o-background-size:cover;background-size:cover;background-attachment:fixed;'><div class=\"fusion-builder-row fusion-row \"><div  class=\"fusion-layout-column fusion_builder_column fusion_builder_column_1_1 fusion-builder-column-1 fusion-one-full fusion-column-first fusion-column-last 1_1\"  style='margin-top:0px;margin-bottom:0px;'>\n\t\t\t\t\t<div class=\"fusion-column-wrapper\" style=\"padding: 0px 0px 0px 0px;background-position:left top;background-repeat:no-repeat;-webkit-background-size:cover;-moz-background-size:cover;-o-background-size:cover;background-size:cover;\"   data-bg-url=\"\">\n\t\t\t\t\t\t<div class=\"fusion-clearfix\"><\/div>\n\n\t\t\t\t\t<\/div>\n\t\t\t\t<\/div><\/div><\/div><div class=\"fusion-fullwidth fullwidth-box fusion-builder-row-2 nonhundred-percent-fullwidth non-hundred-percent-height-scrolling\"  style='background-color: #3f88f4;background-position: center center;background-repeat: no-repeat;padding-top:70px;padding-right:70px;padding-bottom:70px;padding-left:70px;'><div class=\"fusion-builder-row fusion-row \"><div  class=\"fusion-layout-column fusion_builder_column fusion_builder_column_1_1 fusion-builder-column-2 fusion-one-full fusion-column-first fusion-column-last 1_1\"  style='margin-top:0px;margin-bottom:0px;'>\n\t\t\t\t\t<div class=\"fusion-column-wrapper\" style=\"padding: 0px 0px 0px 0px;background-position:left top;background-repeat:no-repeat;-webkit-background-size:cover;-moz-background-size:cover;-o-background-size:cover;background-size:cover;\"   data-bg-url=\"\">\n\t\t\t\t\t\t<style type=\"text\/css\">@media only screen and (max-width:800px) {.fusion-title.fusion-title-1{margin-top:0px!important;margin-bottom:0px!important;}}<\/style><div class=\"fusion-title title fusion-title-1 fusion-sep-none fusion-title-center fusion-title-text fusion-title-size-one\" style=\"margin-top:0px;margin-bottom:0px;\"><h1 class=\"title-heading-center\" style=\"margin:0;color:#ffffff;\">El Ventorrillo te invita a conectarte con las sierras:<br \/>\nsu naturaleza, su paisaje y sus sonidos.<\/h1><\/div><div class=\"fusion-clearfix\"><\/div>\n\n\t\t\t\t\t<\/div>\n\t\t\t\t<\/div><\/div><\/div><div class=\"fusion-fullwidth fullwidth-box fusion-builder-row-3 fusion-parallax-fixed hundred-percent-fullwidth non-hundred-percent-height-scrolling\"  style='background-color: rgba(255,255,255,0);background-image: url(\"https:\/\/ventorrillodelabuenavista.com.uy\/es\/wp-content\/uploads\/2020\/01\/fondo-madera-blanca-2.jpg\");background-position: center center;background-repeat: no-repeat;padding-top:50px;padding-right:30px;padding-bottom:70px;padding-left:30px;-webkit-background-size:cover;-moz-background-size:cover;-o-background-size:cover;background-size:cover;background-attachment:fixed;'><div class=\"fusion-builder-row fusion-row \"><div  class=\"fusion-layout-column fusion_builder_column fusion_builder_column_1_6 fusion-builder-column-3 fusion-one-sixth fusion-column-first 1_6\"  style='margin-top:0px;margin-bottom:0px;width:16.66%;width:calc(16.66% - ( ( 30px + 30px + 30px ) * 0.1666 ) );margin-right: 30px;'>\n\t\t\t\t\t<div class=\"fusion-column-wrapper\" style=\"padding: 20px 20px 20px 20px;background-position:left top;background-repeat:no-repeat;-webkit-background-size:cover;-moz-background-size:cover;-o-background-size:cover;background-size:cover;\"   data-bg-url=\"\">\n\t\t\t\t\t\t<div class=\"fusion-column-content-centered\"><div class=\"fusion-column-content\"><div class=\"fusion-sep-clear\"><\/div><div class=\"fusion-separator fusion-full-width-sep sep-none\" style=\"margin-left: auto;margin-right: auto;margin-top:3px;\"><\/div><\/div><\/div><div class=\"fusion-clearfix\"><\/div>\n\n\t\t\t\t\t<\/div>\n\t\t\t\t<\/div><div  class=\"fusion-layout-column fusion_builder_column fusion_builder_column_1_3 fusion-builder-column-4 fusion-one-third 1_3\"  style='margin-top:0px;margin-bottom:0px;width:33.33%;width:calc(33.33% - ( ( 30px + 30px + 30px ) * 0.3333 ) );margin-right: 30px;'>\n\t\t\t\t\t<div class=\"fusion-column-wrapper\" style=\"background-color:#ffffff;padding: 40px 40px 40px 40px;background-position:left top;background-repeat:no-repeat;-webkit-background-size:cover;-moz-background-size:cover;-o-background-size:cover;background-size:cover;\"   data-bg-url=\"\">\n\t\t\t\t\t\t<div class=\"fusion-column-content-centered\"><div class=\"fusion-column-content\"><style type=\"text\/css\">@media only screen and (max-width:800px) {.fusion-title.fusion-title-2{margin-top:0px!important;margin-bottom:0px!important;}}<\/style><div class=\"fusion-title title fusion-title-2 fusion-sep-none fusion-title-center fusion-title-text fusion-title-size-one\" style=\"font-size:22px;margin-top:0px;margin-bottom:0px;\"><h1 class=\"title-heading-center\" style=\"margin:0;font-size:1em;color:#3f88f4;\">Contamos con seis peque\u00f1os apartamentos en donde se pueden alojar de tres a seis personas.<\/h1><\/div><div class=\"fusion-sep-clear\"><\/div><div class=\"fusion-separator fusion-full-width-sep sep-none\" style=\"margin-left: auto;margin-right: auto;margin-top:30px;\"><\/div><style type=\"text\/css\">@media only screen and (max-width:800px) {.fusion-title.fusion-title-3{margin-top:0px!important;margin-bottom:0px!important;}}<\/style><div class=\"fusion-title title fusion-title-3 fusion-sep-none fusion-title-center fusion-title-text fusion-title-size-one\" style=\"font-size:22px;margin-top:0px;margin-bottom:0px;\"><h1 class=\"title-heading-center\" style=\"margin:0;font-size:1em;color:#3f88f4;\">Est\u00e1 abierto todos los d\u00edas del a\u00f1o.<\/h1><\/div><\/div><\/div><div class=\"fusion-clearfix\"><\/div>\n\n\t\t\t\t\t<\/div>\n\t\t\t\t<\/div><div  class=\"fusion-layout-column fusion_builder_column fusion_builder_column_1_3 fusion-builder-column-5 fusion-one-third 1_3\"  style='margin-top:0px;margin-bottom:0px;width:33.33%;width:calc(33.33% - ( ( 30px + 30px + 30px ) * 0.3333 ) );margin-right: 30px;'>\n\t\t\t\t\t<div class=\"fusion-column-wrapper\" style=\"padding: 30px 20px 20px 20px;background-position:left top;background-repeat:no-repeat;-webkit-background-size:cover;-moz-background-size:cover;-o-background-size:cover;background-size:cover;\"   data-bg-url=\"\">\n\t\t\t\t\t\t<div class=\"fusion-column-content-centered\"><div class=\"fusion-column-content\"><div class=\"fusion-text\"><p>Los apartamentos est\u00e1n compuestos por un living, dormitorio y ba\u00f1o.<\/p>\n<p>Las habitaciones son frescas y cuentan con ventilador, estufa a le\u00f1a o de alto rendimiento, s\u00e1banas de lino, frigobar y jarra el\u00e9ctrica.<\/p>\n<p>Adem\u00e1s, hay reposeras a disposici\u00f3n para disfrutar del espacio verde y de la piscina.<\/p>\n<\/div><\/div><\/div><div class=\"fusion-clearfix\"><\/div>\n\n\t\t\t\t\t<\/div>\n\t\t\t\t<\/div><div  class=\"fusion-layout-column fusion_builder_column fusion_builder_column_1_6 fusion-builder-column-6 fusion-one-sixth fusion-column-last fusion-no-small-visibility 1_6\"  style='margin-top:0px;margin-bottom:0px;width:16.66%;width:calc(16.66% - ( ( 30px + 30px + 30px ) * 0.1666 ) );'>\n\t\t\t\t\t<div class=\"fusion-column-wrapper\" style=\"padding: 20px 20px 20px 20px;background-position:left top;background-repeat:no-repeat;-webkit-background-size:cover;-moz-background-size:cover;-o-background-size:cover;background-size:cover;\"   data-bg-url=\"\">\n\t\t\t\t\t\t<div class=\"fusion-column-content-centered\"><div class=\"fusion-column-content\"><div class=\"fusion-sep-clear\"><\/div><div class=\"fusion-separator fusion-full-width-sep sep-none\" style=\"margin-left: auto;margin-right: auto;margin-top:3px;\"><\/div><\/div><\/div><div class=\"fusion-clearfix\"><\/div>\n\n\t\t\t\t\t<\/div>\n\t\t\t\t<\/div><div  class=\"fusion-layout-column fusion_builder_column fusion_builder_column_1_6 fusion-builder-column-7 fusion-one-sixth fusion-column-first 1_6\"  style='margin-top:0px;margin-bottom:0px;width:16.66%;width:calc(16.66% - ( ( 4% + 30px ) * 0.1666 ) );margin-right: 4%;'>\n\t\t\t\t\t<div class=\"fusion-column-wrapper\" style=\"padding: 0px 0px 0px 0px;background-position:left top;background-repeat:no-repeat;-webkit-background-size:cover;-moz-background-size:cover;-o-background-size:cover;background-size:cover;\"   data-bg-url=\"\">\n\t\t\t\t\t\t<div class=\"fusion-sep-clear\"><\/div><div class=\"fusion-separator fusion-no-small-visibility fusion-full-width-sep sep-none\" style=\"margin-left: auto;margin-right: auto;margin-top:30px;\"><\/div><div class=\"fusion-clearfix\"><\/div>\n\n\t\t\t\t\t<\/div>\n\t\t\t\t<\/div><div  class=\"fusion-layout-column fusion_builder_column fusion_builder_column_2_3 fusion-builder-column-8 fusion-two-third fusion-column-no-min-height 2_3\"  style='margin-top:0px;margin-bottom:0px;width:66.66%;width:calc(66.66% - ( ( 4% + 30px ) * 0.6666 ) );margin-right: 30px;'>\n\t\t\t\t\t<div class=\"fusion-column-wrapper\" style=\"padding: 30px 0px 0px 0px;background-position:left top;background-repeat:no-repeat;-webkit-background-size:cover;-moz-background-size:cover;-o-background-size:cover;background-size:cover;\"   data-bg-url=\"\">\n\t\t\t\t\t\t<div class=\"fusion-column-content-centered\"><div class=\"fusion-column-content\"><div class=\"fusion-slider-sc fusion-flexslider-loading flexslider flexslider-hover-type-none\" style=\"max-width:100%;height:100%;\"><ul class=\"slides\"><li class=\"image\"><span class=\"fusion-image-hover-element hover-type-none\"><img loading=\"lazy\" src=\"https:\/\/ventorrillodelabuenavista.com.uy\/es\/wp-content\/uploads\/2021\/03\/a1-habitacion.jpg\" width=\"1555\" height=\"876\" class=\"wp-image-323\" srcset=\"https:\/\/ventorrillodelabuenavista.com.uy\/es\/wp-content\/uploads\/2021\/03\/a1-habitacion-200x113.jpg 200w, https:\/\/ventorrillodelabuenavista.com.uy\/es\/wp-content\/uploads\/2021\/03\/a1-habitacion-400x225.jpg 400w, https:\/\/ventorrillodelabuenavista.com.uy\/es\/wp-content\/uploads\/2021\/03\/a1-habitacion-600x338.jpg 600w, https:\/\/ventorrillodelabuenavista.com.uy\/es\/wp-content\/uploads\/2021\/03\/a1-habitacion-800x451.jpg 800w, https:\/\/ventorrillodelabuenavista.com.uy\/es\/wp-content\/uploads\/2021\/03\/a1-habitacion-1200x676.jpg 1200w, https:\/\/ventorrillodelabuenavista.com.uy\/es\/wp-content\/uploads\/2021\/03\/a1-habitacion.jpg 1555w\" sizes=\"(max-width: 800px) 100vw, 800px\" \/><\/span><\/li><li class=\"image\"><span class=\"fusion-image-hover-element hover-type-none\"><img loading=\"lazy\" src=\"https:\/\/ventorrillodelabuenavista.com.uy\/es\/wp-content\/uploads\/2021\/03\/a2-habitacion.jpg\" width=\"1555\" height=\"876\" class=\"wp-image-324\" srcset=\"https:\/\/ventorrillodelabuenavista.com.uy\/es\/wp-content\/uploads\/2021\/03\/a2-habitacion-200x113.jpg 200w, https:\/\/ventorrillodelabuenavista.com.uy\/es\/wp-content\/uploads\/2021\/03\/a2-habitacion-400x225.jpg 400w, https:\/\/ventorrillodelabuenavista.com.uy\/es\/wp-content\/uploads\/2021\/03\/a2-habitacion-600x338.jpg 600w, https:\/\/ventorrillodelabuenavista.com.uy\/es\/wp-content\/uploads\/2021\/03\/a2-habitacion-800x451.jpg 800w, https:\/\/ventorrillodelabuenavista.com.uy\/es\/wp-content\/uploads\/2021\/03\/a2-habitacion-1200x676.jpg 1200w, https:\/\/ventorrillodelabuenavista.com.uy\/es\/wp-content\/uploads\/2021\/03\/a2-habitacion.jpg 1555w\" sizes=\"(max-width: 800px) 100vw, 800px\" \/><\/span><\/li><li class=\"image\"><span class=\"fusion-image-hover-element hover-type-none\"><img loading=\"lazy\" src=\"https:\/\/ventorrillodelabuenavista.com.uy\/es\/wp-content\/uploads\/2021\/03\/a3-habitacion.jpg\" width=\"1555\" height=\"876\" class=\"wp-image-325\" srcset=\"https:\/\/ventorrillodelabuenavista.com.uy\/es\/wp-content\/uploads\/2021\/03\/a3-habitacion-200x113.jpg 200w, https:\/\/ventorrillodelabuenavista.com.uy\/es\/wp-content\/uploads\/2021\/03\/a3-habitacion-400x225.jpg 400w, https:\/\/ventorrillodelabuenavista.com.uy\/es\/wp-content\/uploads\/2021\/03\/a3-habitacion-600x338.jpg 600w, https:\/\/ventorrillodelabuenavista.com.uy\/es\/wp-content\/uploads\/2021\/03\/a3-habitacion-800x451.jpg 800w, https:\/\/ventorrillodelabuenavista.com.uy\/es\/wp-content\/uploads\/2021\/03\/a3-habitacion-1200x676.jpg 1200w, https:\/\/ventorrillodelabuenavista.com.uy\/es\/wp-content\/uploads\/2021\/03\/a3-habitacion.jpg 1555w\" sizes=\"(max-width: 800px) 100vw, 800px\" \/><\/span><\/li><li class=\"image\"><span class=\"fusion-image-hover-element hover-type-none\"><img loading=\"lazy\" src=\"https:\/\/ventorrillodelabuenavista.com.uy\/es\/wp-content\/uploads\/2021\/03\/a3-habitacion2.jpg\" width=\"1555\" height=\"876\" class=\"wp-image-328\" srcset=\"https:\/\/ventorrillodelabuenavista.com.uy\/es\/wp-content\/uploads\/2021\/03\/a3-habitacion2-200x113.jpg 200w, https:\/\/ventorrillodelabuenavista.com.uy\/es\/wp-content\/uploads\/2021\/03\/a3-habitacion2-400x225.jpg 400w, https:\/\/ventorrillodelabuenavista.com.uy\/es\/wp-content\/uploads\/2021\/03\/a3-habitacion2-600x338.jpg 600w, https:\/\/ventorrillodelabuenavista.com.uy\/es\/wp-content\/uploads\/2021\/03\/a3-habitacion2-800x451.jpg 800w, https:\/\/ventorrillodelabuenavista.com.uy\/es\/wp-content\/uploads\/2021\/03\/a3-habitacion2-1200x676.jpg 1200w, https:\/\/ventorrillodelabuenavista.com.uy\/es\/wp-content\/uploads\/2021\/03\/a3-habitacion2.jpg 1555w\" sizes=\"(max-width: 800px) 100vw, 800px\" \/><\/span><\/li><li class=\"image\"><span class=\"fusion-image-hover-element hover-type-none\"><img loading=\"lazy\" src=\"https:\/\/ventorrillodelabuenavista.com.uy\/es\/wp-content\/uploads\/2021\/03\/a4-bacha.jpg\" width=\"1555\" height=\"876\" class=\"wp-image-329\" srcset=\"https:\/\/ventorrillodelabuenavista.com.uy\/es\/wp-content\/uploads\/2021\/03\/a4-bacha-200x113.jpg 200w, https:\/\/ventorrillodelabuenavista.com.uy\/es\/wp-content\/uploads\/2021\/03\/a4-bacha-400x225.jpg 400w, https:\/\/ventorrillodelabuenavista.com.uy\/es\/wp-content\/uploads\/2021\/03\/a4-bacha-600x338.jpg 600w, https:\/\/ventorrillodelabuenavista.com.uy\/es\/wp-content\/uploads\/2021\/03\/a4-bacha-800x451.jpg 800w, https:\/\/ventorrillodelabuenavista.com.uy\/es\/wp-content\/uploads\/2021\/03\/a4-bacha-1200x676.jpg 1200w, https:\/\/ventorrillodelabuenavista.com.uy\/es\/wp-content\/uploads\/2021\/03\/a4-bacha.jpg 1555w\" sizes=\"(max-width: 800px) 100vw, 800px\" \/><\/span><\/li><li class=\"image\"><span class=\"fusion-image-hover-element hover-type-none\"><img loading=\"lazy\" src=\"https:\/\/ventorrillodelabuenavista.com.uy\/es\/wp-content\/uploads\/2021\/03\/a5-bano-3.jpg\" width=\"1555\" height=\"876\" class=\"wp-image-338\" srcset=\"https:\/\/ventorrillodelabuenavista.com.uy\/es\/wp-content\/uploads\/2021\/03\/a5-bano-3-200x113.jpg 200w, https:\/\/ventorrillodelabuenavista.com.uy\/es\/wp-content\/uploads\/2021\/03\/a5-bano-3-400x225.jpg 400w, https:\/\/ventorrillodelabuenavista.com.uy\/es\/wp-content\/uploads\/2021\/03\/a5-bano-3-600x338.jpg 600w, https:\/\/ventorrillodelabuenavista.com.uy\/es\/wp-content\/uploads\/2021\/03\/a5-bano-3-800x451.jpg 800w, https:\/\/ventorrillodelabuenavista.com.uy\/es\/wp-content\/uploads\/2021\/03\/a5-bano-3-1200x676.jpg 1200w, https:\/\/ventorrillodelabuenavista.com.uy\/es\/wp-content\/uploads\/2021\/03\/a5-bano-3.jpg 1555w\" sizes=\"(max-width: 800px) 100vw, 800px\" \/><\/span><\/li><li class=\"image\"><span class=\"fusion-image-hover-element hover-type-none\"><img loading=\"lazy\" src=\"https:\/\/ventorrillodelabuenavista.com.uy\/es\/wp-content\/uploads\/2021\/03\/a6-tocador.jpg\" width=\"1555\" height=\"876\" class=\"wp-image-327\" srcset=\"https:\/\/ventorrillodelabuenavista.com.uy\/es\/wp-content\/uploads\/2021\/03\/a6-tocador-200x113.jpg 200w, https:\/\/ventorrillodelabuenavista.com.uy\/es\/wp-content\/uploads\/2021\/03\/a6-tocador-400x225.jpg 400w, https:\/\/ventorrillodelabuenavista.com.uy\/es\/wp-content\/uploads\/2021\/03\/a6-tocador-600x338.jpg 600w, https:\/\/ventorrillodelabuenavista.com.uy\/es\/wp-content\/uploads\/2021\/03\/a6-tocador-800x451.jpg 800w, https:\/\/ventorrillodelabuenavista.com.uy\/es\/wp-content\/uploads\/2021\/03\/a6-tocador-1200x676.jpg 1200w, https:\/\/ventorrillodelabuenavista.com.uy\/es\/wp-content\/uploads\/2021\/03\/a6-tocador.jpg 1555w\" sizes=\"(max-width: 800px) 100vw, 800px\" \/><\/span><\/li><li class=\"image\"><span class=\"fusion-image-hover-element hover-type-none\"><img loading=\"lazy\" src=\"https:\/\/ventorrillodelabuenavista.com.uy\/es\/wp-content\/uploads\/2021\/03\/a7-living.jpg\" width=\"1555\" height=\"876\" class=\"wp-image-330\" srcset=\"https:\/\/ventorrillodelabuenavista.com.uy\/es\/wp-content\/uploads\/2021\/03\/a7-living-200x113.jpg 200w, https:\/\/ventorrillodelabuenavista.com.uy\/es\/wp-content\/uploads\/2021\/03\/a7-living-400x225.jpg 400w, https:\/\/ventorrillodelabuenavista.com.uy\/es\/wp-content\/uploads\/2021\/03\/a7-living-600x338.jpg 600w, https:\/\/ventorrillodelabuenavista.com.uy\/es\/wp-content\/uploads\/2021\/03\/a7-living-800x451.jpg 800w, https:\/\/ventorrillodelabuenavista.com.uy\/es\/wp-content\/uploads\/2021\/03\/a7-living-1200x676.jpg 1200w, https:\/\/ventorrillodelabuenavista.com.uy\/es\/wp-content\/uploads\/2021\/03\/a7-living.jpg 1555w\" sizes=\"(max-width: 800px) 100vw, 800px\" \/><\/span><\/li><li class=\"image\"><span class=\"fusion-image-hover-element hover-type-none\"><img loading=\"lazy\" src=\"https:\/\/ventorrillodelabuenavista.com.uy\/es\/wp-content\/uploads\/2021\/03\/a8-living.jpg\" width=\"1555\" height=\"876\" class=\"wp-image-331\" srcset=\"https:\/\/ventorrillodelabuenavista.com.uy\/es\/wp-content\/uploads\/2021\/03\/a8-living-200x113.jpg 200w, https:\/\/ventorrillodelabuenavista.com.uy\/es\/wp-content\/uploads\/2021\/03\/a8-living-400x225.jpg 400w, https:\/\/ventorrillodelabuenavista.com.uy\/es\/wp-content\/uploads\/2021\/03\/a8-living-600x338.jpg 600w, https:\/\/ventorrillodelabuenavista.com.uy\/es\/wp-content\/uploads\/2021\/03\/a8-living-800x451.jpg 800w, https:\/\/ventorrillodelabuenavista.com.uy\/es\/wp-content\/uploads\/2021\/03\/a8-living-1200x676.jpg 1200w, https:\/\/ventorrillodelabuenavista.com.uy\/es\/wp-content\/uploads\/2021\/03\/a8-living.jpg 1555w\" sizes=\"(max-width: 800px) 100vw, 800px\" \/><\/span><\/li><\/ul><\/div><\/div><\/div><div class=\"fusion-clearfix\"><\/div>\n\n\t\t\t\t\t<\/div>\n\t\t\t\t<\/div><div  class=\"fusion-layout-column fusion_builder_column fusion_builder_column_1_6 fusion-builder-column-9 fusion-one-sixth fusion-column-last fusion-no-small-visibility 1_6\"  style='margin-top:0px;margin-bottom:0px;width:16.66%;width:calc(16.66% - ( ( 4% + 30px ) * 0.1666 ) );'>\n\t\t\t\t\t<div class=\"fusion-column-wrapper\" style=\"padding: 20px 20px 20px 20px;background-position:left top;background-repeat:no-repeat;-webkit-background-size:cover;-moz-background-size:cover;-o-background-size:cover;background-size:cover;\"   data-bg-url=\"\">\n\t\t\t\t\t\t<div class=\"fusion-column-content-centered\"><div class=\"fusion-column-content\"><div class=\"fusion-sep-clear\"><\/div><div class=\"fusion-separator fusion-full-width-sep sep-none\" style=\"margin-left: auto;margin-right: auto;margin-top:3px;\"><\/div><\/div><\/div><div class=\"fusion-clearfix\"><\/div>\n\n\t\t\t\t\t<\/div>\n\t\t\t\t<\/div><div  class=\"fusion-layout-column fusion_builder_column fusion_builder_column_1_6 fusion-builder-column-10 fusion-one-sixth fusion-column-first fusion-no-small-visibility 1_6\"  style='margin-top:0px;margin-bottom:0px;width:16.66%;width:calc(16.66% - ( ( 30px + 30px ) * 0.1666 ) );margin-right: 30px;'>\n\t\t\t\t\t<div class=\"fusion-column-wrapper\" style=\"padding: 20px 20px 20px 20px;background-position:left top;background-repeat:no-repeat;-webkit-background-size:cover;-moz-background-size:cover;-o-background-size:cover;background-size:cover;\"   data-bg-url=\"\">\n\t\t\t\t\t\t<div class=\"fusion-column-content-centered\"><div class=\"fusion-column-content\"><div class=\"fusion-sep-clear\"><\/div><div class=\"fusion-separator fusion-full-width-sep sep-none\" style=\"margin-left: auto;margin-right: auto;margin-top:3px;\"><\/div><\/div><\/div><div class=\"fusion-clearfix\"><\/div>\n\n\t\t\t\t\t<\/div>\n\t\t\t\t<\/div><div  class=\"fusion-layout-column fusion_builder_column fusion_builder_column_1_3 fusion-builder-column-11 fusion-one-third 1_3\"  style='margin-top:0px;margin-bottom:0px;width:33.33%;width:calc(33.33% - ( ( 30px + 30px ) * 0.3333 ) );margin-right: 30px;'>\n\t\t\t\t\t<div class=\"fusion-column-wrapper\" style=\"padding: 20px 20px 20px 20px;background-position:left top;background-repeat:no-repeat;-webkit-background-size:cover;-moz-background-size:cover;-o-background-size:cover;background-size:cover;\"   data-bg-url=\"\">\n\t\t\t\t\t\t<div class=\"fusion-column-content-centered\"><div class=\"fusion-column-content\"><ul class=\"fusion-checklist fusion-checklist-1\" style=\"font-size:17px;line-height:28.9px;\"><li class=\"fusion-li-item\"><span style=\"height:28.9px;width:28.9px;margin-right:11.9px;\" class=\"icon-wrapper circle-no\"><i class=\"fusion-li-icon fa-chevron-circle-right fas\" style=\"color:#3f88f4;\"><\/i><\/span><div class=\"fusion-li-item-content\" style=\"margin-left:40.8px;\">Los hu\u00e9spedes pueden pedir su cena en el restaurante, antes de la hora de cierre.<\/div><\/li><li class=\"fusion-li-item\"><span style=\"height:28.9px;width:28.9px;margin-right:11.9px;\" class=\"icon-wrapper circle-no\"><i class=\"fusion-li-icon fa-chevron-circle-right fas\" style=\"color:#3f88f4;\"><\/i><\/span><div class=\"fusion-li-item-content\" style=\"margin-left:40.8px;\">El alojamiento incluye desayuno y el acceso a la piscina.<\/div><\/li><\/ul><\/div><\/div><div class=\"fusion-clearfix\"><\/div>\n\n\t\t\t\t\t<\/div>\n\t\t\t\t<\/div><div  class=\"fusion-layout-column fusion_builder_column fusion_builder_column_1_3 fusion-builder-column-12 fusion-one-third fusion-column-last 1_3\"  style='margin-top:0px;margin-bottom:0px;width:33.33%;width:calc(33.33% - ( ( 30px + 30px ) * 0.3333 ) );'>\n\t\t\t\t\t<div class=\"fusion-column-wrapper\" style=\"padding: 0px 20px 0px 20px;background-position:left top;background-repeat:no-repeat;-webkit-background-size:cover;-moz-background-size:cover;-o-background-size:cover;background-size:cover;\"   data-bg-url=\"\">\n\t\t\t\t\t\t<div class=\"fusion-column-content-centered\"><div class=\"fusion-column-content\"><ul class=\"fusion-checklist fusion-checklist-2\" style=\"font-size:17px;line-height:28.9px;\"><li class=\"fusion-li-item\"><span style=\"height:28.9px;width:28.9px;margin-right:11.9px;\" class=\"icon-wrapper circle-no\"><i class=\"fusion-li-icon fa-chevron-circle-right fas\" style=\"color:#3f88f4;\"><\/i><\/span><div class=\"fusion-li-item-content\" style=\"margin-left:40.8px;\">CHECK IN: 13.00 hs.<br \/>\nSe debe tener en cuenta que el Ventorrillo cierra de tardecita, en el entorno de las 18.00 hs, dependiendo de la \u00e9poca del a\u00f1o.<\/div><\/li><li class=\"fusion-li-item\"><span style=\"height:28.9px;width:28.9px;margin-right:11.9px;\" class=\"icon-wrapper circle-no\"><i class=\"fusion-li-icon fa-chevron-circle-right fas\" style=\"color:#3f88f4;\"><\/i><\/span><div class=\"fusion-li-item-content\" style=\"margin-left:40.8px;\">CHECK OUT: 11.00 hs.<\/div><\/li><\/ul><\/div><\/div><div class=\"fusion-clearfix\"><\/div>\n\n\t\t\t\t\t<\/div>\n\t\t\t\t<\/div><\/div><\/div><div class=\"fusion-fullwidth fullwidth-box fusion-builder-row-4 fusion-parallax-fixed nonhundred-percent-fullwidth non-hundred-percent-height-scrolling\"  style='background-color: rgba(255,255,255,0);background-image: url(\"https:\/\/ventorrillodelabuenavista.com.uy\/es\/wp-content\/uploads\/2020\/02\/alojamiento-100-6.jpg\");background-position: left center;background-repeat: no-repeat;padding-top:250px;padding-right:0px;padding-bottom:250px;padding-left:0px;margin-bottom: 50px;margin-top: 5px;border-top-width:7px;border-bottom-width:7px;border-color:#dddddd;border-top-style:solid;border-bottom-style:solid;-webkit-background-size:cover;-moz-background-size:cover;-o-background-size:cover;background-size:cover;background-attachment:fixed;'><div class=\"fusion-builder-row fusion-row \"><div  class=\"fusion-layout-column fusion_builder_column fusion_builder_column_1_1 fusion-builder-column-13 fusion-one-full fusion-column-first fusion-column-last 1_1\"  style='margin-top:0px;margin-bottom:0px;'>\n\t\t\t\t\t<div class=\"fusion-column-wrapper\" style=\"padding: 0px 0px 0px 0px;background-position:left top;background-repeat:no-repeat;-webkit-background-size:cover;-moz-background-size:cover;-o-background-size:cover;background-size:cover;\"   data-bg-url=\"\">\n\t\t\t\t\t\t<div class=\"fusion-clearfix\"><\/div>\n\n\t\t\t\t\t<\/div>\n\t\t\t\t<\/div><\/div><\/div><\/p>\n","protected":false},"excerpt":{"rendered":"","protected":false},"author":1,"featured_media":0,"parent":0,"menu_order":0,"comment_status":"closed","ping_status":"closed","template":"100-width.php","meta":[],"_links":{"self":[{"href":"https:\/\/ventorrillodelabuenavista.com.uy\/es\/wp-json\/wp\/v2\/pages\/150"}],"collection":[{"href":"https:\/\/ventorrillodelabuenavista.com.uy\/es\/wp-json\/wp\/v2\/pages"}],"about":[{"href":"https:\/\/ventorrillodelabuenavista.com.uy\/es\/wp-json\/wp\/v2\/types\/page"}],"author":[{"embeddable":true,"href":"https:\/\/ventorrillodelabuenavista.com.uy\/es\/wp-json\/wp\/v2\/users\/1"}],"replies":[{"embeddable":true,"href":"https:\/\/ventorrillodelabuenavista.com.uy\/es\/wp-json\/wp\/v2\/comments?post=150"}],"version-history":[{"count":44,"href":"https:\/\/ventorrillodelabuenavista.com.uy\/es\/wp-json\/wp\/v2\/pages\/150\/revisions"}],"predecessor-version":[{"id":345,"href":"https:\/\/ventorrillodelabuenavista.com.uy\/es\/wp-json\/wp\/v2\/pages\/150\/revisions\/345"}],"wp:attachment":[{"href":"https:\/\/ventorrillodelabuenavista.com.uy\/es\/wp-json\/wp\/v2\/media?parent=150"}],"curies":[{"name":"wp","href":"https:\/\/api.w.org\/{rel}","templated":true}]}}