{"id":190,"date":"2020-02-20T20:20:01","date_gmt":"2020-02-20T20:20:01","guid":{"rendered":"https:\/\/ventorrillodelabuenavista.com.uy\/es\/?page_id=190"},"modified":"2020-03-04T16:19:11","modified_gmt":"2020-03-04T16:19:11","slug":"espacio-vilamajo","status":"publish","type":"page","link":"https:\/\/ventorrillodelabuenavista.com.uy\/es\/espacio-vilamajo\/","title":{"rendered":"Espacio Vilamaj\u00f3"},"content":{"rendered":"<p><div class=\"fusion-fullwidth fullwidth-box fusion-builder-row-1 fusion-parallax-fixed nonhundred-percent-fullwidth non-hundred-percent-height-scrolling\"  style='background-color: rgba(255,255,255,0);background-image: url(\"https:\/\/ventorrillodelabuenavista.com.uy\/es\/wp-content\/uploads\/2020\/02\/vilamajo-1.jpg\");background-position: center center;background-repeat: no-repeat;padding-top:250px;padding-right:0px;padding-bottom:250px;padding-left:0px;margin-bottom: 5px;margin-top: 5px;-webkit-background-size:cover;-moz-background-size:cover;-o-background-size:cover;background-size:cover;background-attachment:fixed;'><div class=\"fusion-builder-row fusion-row \"><div  class=\"fusion-layout-column fusion_builder_column fusion_builder_column_1_1 fusion-builder-column-1 fusion-one-full fusion-column-first fusion-column-last 1_1\"  style='margin-top:0px;margin-bottom:0px;'>\n\t\t\t\t\t<div class=\"fusion-column-wrapper\" style=\"padding: 0px 0px 0px 0px;background-position:left top;background-repeat:no-repeat;-webkit-background-size:cover;-moz-background-size:cover;-o-background-size:cover;background-size:cover;\"   data-bg-url=\"\">\n\t\t\t\t\t\t<div class=\"fusion-clearfix\"><\/div>\n\n\t\t\t\t\t<\/div>\n\t\t\t\t<\/div><\/div><\/div><div class=\"fusion-fullwidth fullwidth-box fusion-builder-row-2 nonhundred-percent-fullwidth non-hundred-percent-height-scrolling\"  style='background-color: #63a331;background-position: center center;background-repeat: no-repeat;padding-top:70px;padding-right:70px;padding-bottom:70px;padding-left:70px;'><div class=\"fusion-builder-row fusion-row \"><div  class=\"fusion-layout-column fusion_builder_column fusion_builder_column_1_1 fusion-builder-column-2 fusion-one-full fusion-column-first fusion-column-last 1_1\"  style='margin-top:0px;margin-bottom:0px;'>\n\t\t\t\t\t<div class=\"fusion-column-wrapper\" style=\"padding: 0px 0px 0px 0px;background-position:left top;background-repeat:no-repeat;-webkit-background-size:cover;-moz-background-size:cover;-o-background-size:cover;background-size:cover;\"   data-bg-url=\"\">\n\t\t\t\t\t\t<style type=\"text\/css\">@media only screen and (max-width:800px) {.fusion-title.fusion-title-1{margin-top:0px!important;margin-bottom:0px!important;}}<\/style><div class=\"fusion-title title fusion-title-1 fusion-sep-none fusion-title-center fusion-title-text fusion-title-size-one\" style=\"margin-top:0px;margin-bottom:0px;\"><h1 class=\"title-heading-center\" style=\"margin:0;color:#ffffff;\">El Ventorrillo de la Buena Vista fue construido por el reconocido arquitecto Julio Vilamaj\u00f3 en el a\u00f1o 1946.<br \/>\nEs Monumento Hist\u00f3rico Nacional y uno de los s\u00edmbolos de Villa Serrana.<\/h1><\/div><div class=\"fusion-clearfix\"><\/div>\n\n\t\t\t\t\t<\/div>\n\t\t\t\t<\/div><\/div><\/div><div class=\"fusion-fullwidth fullwidth-box fusion-builder-row-3 fusion-parallax-fixed hundred-percent-fullwidth non-hundred-percent-height-scrolling fusion-equal-height-columns\"  style='background-color: rgba(255,255,255,0);background-image: url(\"https:\/\/ventorrillodelabuenavista.com.uy\/es\/wp-content\/uploads\/2020\/01\/fondo-madera-blanca-2.jpg\");background-position: center center;background-repeat: no-repeat;padding-top:30px;padding-right:30px;padding-bottom:30px;padding-left:30px;-webkit-background-size:cover;-moz-background-size:cover;-o-background-size:cover;background-size:cover;background-attachment:fixed;'><div class=\"fusion-builder-row fusion-row \"><div  class=\"fusion-layout-column fusion_builder_column fusion_builder_column_1_3 fusion-builder-column-3 fusion-one-third fusion-column-first 1_3\"  style='margin-top:0px;margin-bottom:0px;width:33.33%;width:calc(33.33% - ( ( 30px ) * 0.3333 ) );margin-right: 30px;'>\n\t\t\t\t\t<div class=\"fusion-column-wrapper\" style=\"padding: 40px 40px 40px 40px;background-position:left top;background-repeat:no-repeat;-webkit-background-size:cover;-moz-background-size:cover;-o-background-size:cover;background-size:cover;\"   data-bg-url=\"\">\n\t\t\t\t\t\t<div class=\"fusion-column-content-centered\"><div class=\"fusion-column-content\"><style type=\"text\/css\">@media only screen and (max-width:800px) {.fusion-title.fusion-title-2{margin-top:0px!important;margin-bottom:0px!important;}}<\/style><div class=\"fusion-title title fusion-title-2 fusion-sep-none fusion-title-center fusion-title-text fusion-title-size-one\" style=\"font-size:22px;margin-top:0px;margin-bottom:0px;\"><h1 class=\"title-heading-center\" style=\"margin:0;font-size:1em;color:#2f8c01;\">Sostenido por grandes pilares de troncos, el Ventorrillo ofrece una de las mejores vistas de Villa Serrana.<\/h1><\/div><div class=\"fusion-sep-clear\"><\/div><div class=\"fusion-separator fusion-full-width-sep sep-none\" style=\"margin-left: auto;margin-right: auto;margin-top:30px;\"><\/div><style type=\"text\/css\">@media only screen and (max-width:800px) {.fusion-title.fusion-title-3{margin-top:0px!important;margin-bottom:0px!important;}}<\/style><div class=\"fusion-title title fusion-title-3 fusion-sep-none fusion-title-center fusion-title-text fusion-title-size-one\" style=\"font-size:22px;margin-top:0px;margin-bottom:0px;\"><h1 class=\"title-heading-center\" style=\"margin:0;font-size:1em;color:#2f8c01;\">Fue construido con materiales aut\u00f3ctonos de forma de mantener las caracter\u00edsticas agrestes del lugar.<\/h1><\/div><\/div><\/div><div class=\"fusion-clearfix\"><\/div>\n\n\t\t\t\t\t<\/div>\n\t\t\t\t<\/div><div  class=\"fusion-layout-column fusion_builder_column fusion_builder_column_2_3 fusion-builder-column-4 fusion-two-third fusion-column-last 2_3\"  style='margin-top:0px;margin-bottom:0px;width:66.66%;width:calc(66.66% - ( ( 30px ) * 0.6666 ) );'>\n\t\t\t\t\t<div class=\"fusion-column-wrapper\" style=\"padding: 0px 0px 0px 0px;background-position:left top;background-repeat:no-repeat;-webkit-background-size:cover;-moz-background-size:cover;-o-background-size:cover;background-size:cover;\"   data-bg-url=\"\">\n\t\t\t\t\t\t<div class=\"fusion-column-content-centered\"><div class=\"fusion-column-content\"><div class=\"fusion-sep-clear\"><\/div><div class=\"fusion-separator fusion-no-large-visibility fusion-full-width-sep sep-none\" style=\"margin-left: auto;margin-right: auto;margin-top:30px;\"><\/div><div class=\"imageframe-align-center\"><span style=\"border:8px solid #ffffff;-webkit-box-shadow: 3px 3px 7px rgba(0,0,0,0.3);box-shadow: 3px 3px 7px rgba(0,0,0,0.3);\" class=\"fusion-imageframe imageframe-dropshadow imageframe-1 hover-type-none fusion-animated\" data-animationType=\"fadeInDown\" data-animationDuration=\"0.3\" data-animationOffset=\"100%\"><a href=\"https:\/\/ventorrillodelabuenavista.com.uy\/es\/wp-content\/uploads\/2020\/02\/vilamajo-2.jpg\" class=\"fusion-lightbox\" data-rel=\"iLightbox[933140a4a7f788a49f0]\" data-title=\"Antiguo Ventorrillo\" title=\"Antiguo Ventorrillo\"><img loading=\"lazy\" src=\"https:\/\/ventorrillodelabuenavista.com.uy\/es\/wp-content\/uploads\/2020\/02\/vilamajo-2.jpg\" width=\"1548\" height=\"1003\" alt=\"Antiguo Ventorrillo\" class=\"img-responsive wp-image-197\" srcset=\"https:\/\/ventorrillodelabuenavista.com.uy\/es\/wp-content\/uploads\/2020\/02\/vilamajo-2-200x130.jpg 200w, https:\/\/ventorrillodelabuenavista.com.uy\/es\/wp-content\/uploads\/2020\/02\/vilamajo-2-400x259.jpg 400w, https:\/\/ventorrillodelabuenavista.com.uy\/es\/wp-content\/uploads\/2020\/02\/vilamajo-2-600x389.jpg 600w, https:\/\/ventorrillodelabuenavista.com.uy\/es\/wp-content\/uploads\/2020\/02\/vilamajo-2-800x518.jpg 800w, https:\/\/ventorrillodelabuenavista.com.uy\/es\/wp-content\/uploads\/2020\/02\/vilamajo-2-1200x778.jpg 1200w, https:\/\/ventorrillodelabuenavista.com.uy\/es\/wp-content\/uploads\/2020\/02\/vilamajo-2.jpg 1548w\" sizes=\"(max-width: 800px) 100vw, 800px\" \/><\/a><\/span><\/div><\/div><\/div><div class=\"fusion-clearfix\"><\/div>\n\n\t\t\t\t\t<\/div>\n\t\t\t\t<\/div><\/div><\/div><div class=\"fusion-fullwidth fullwidth-box fusion-builder-row-4 fusion-parallax-fixed hundred-percent-fullwidth non-hundred-percent-height-scrolling fusion-equal-height-columns\"  style='background-color: rgba(255,255,255,0);background-image: url(\"https:\/\/ventorrillodelabuenavista.com.uy\/es\/wp-content\/uploads\/2020\/01\/fondo-madera-blanca-2.jpg\");background-position: center center;background-repeat: no-repeat;padding-top:10px;padding-right:30px;padding-bottom:30px;padding-left:30px;-webkit-background-size:cover;-moz-background-size:cover;-o-background-size:cover;background-size:cover;background-attachment:fixed;'><div class=\"fusion-builder-row fusion-row \"><div  class=\"fusion-layout-column fusion_builder_column fusion_builder_column_1_3 fusion-builder-column-5 fusion-one-third fusion-column-first 1_3\"  style='margin-top:0px;margin-bottom:0px;width:33.33%;width:calc(33.33% - ( ( 30px + 30px ) * 0.3333 ) );margin-right: 30px;'>\n\t\t\t\t\t<div class=\"fusion-column-wrapper\" style=\"padding: 0px 0px 0px 0px;background-position:left top;background-repeat:no-repeat;-webkit-background-size:cover;-moz-background-size:cover;-o-background-size:cover;background-size:cover;\"   data-bg-url=\"\">\n\t\t\t\t\t\t<div class=\"fusion-column-content-centered\"><div class=\"fusion-column-content\"><div class=\"imageframe-align-center\"><span style=\"border:8px solid #ffffff;-webkit-box-shadow: 3px 3px 7px rgba(0,0,0,0.3);box-shadow: 3px 3px 7px rgba(0,0,0,0.3);\" class=\"fusion-imageframe imageframe-dropshadow imageframe-2 hover-type-none fusion-animated\" data-animationType=\"fadeInDown\" data-animationDuration=\"0.3\" data-animationOffset=\"100%\"><a href=\"https:\/\/ventorrillodelabuenavista.com.uy\/es\/wp-content\/uploads\/2020\/02\/vilamajo-3.jpg\" class=\"fusion-lightbox\" data-rel=\"iLightbox[e8f232791185568ca6d]\" data-title=\"Antiguo Ventorrillo\" title=\"Antiguo Ventorrillo\"><img loading=\"lazy\" src=\"https:\/\/ventorrillodelabuenavista.com.uy\/es\/wp-content\/uploads\/2020\/02\/vilamajo-3.jpg\" width=\"996\" height=\"977\" alt=\"\" class=\"img-responsive wp-image-201\" srcset=\"https:\/\/ventorrillodelabuenavista.com.uy\/es\/wp-content\/uploads\/2020\/02\/vilamajo-3-200x196.jpg 200w, https:\/\/ventorrillodelabuenavista.com.uy\/es\/wp-content\/uploads\/2020\/02\/vilamajo-3-400x392.jpg 400w, https:\/\/ventorrillodelabuenavista.com.uy\/es\/wp-content\/uploads\/2020\/02\/vilamajo-3-600x589.jpg 600w, https:\/\/ventorrillodelabuenavista.com.uy\/es\/wp-content\/uploads\/2020\/02\/vilamajo-3-800x785.jpg 800w, https:\/\/ventorrillodelabuenavista.com.uy\/es\/wp-content\/uploads\/2020\/02\/vilamajo-3.jpg 996w\" sizes=\"(max-width: 800px) 100vw, 400px\" \/><\/a><\/span><\/div><\/div><\/div><div class=\"fusion-clearfix\"><\/div>\n\n\t\t\t\t\t<\/div>\n\t\t\t\t<\/div><div  class=\"fusion-layout-column fusion_builder_column fusion_builder_column_1_3 fusion-builder-column-6 fusion-one-third 1_3\"  style='margin-top:0px;margin-bottom:0px;width:33.33%;width:calc(33.33% - ( ( 30px + 30px ) * 0.3333 ) );margin-right: 30px;'>\n\t\t\t\t\t<div class=\"fusion-column-wrapper\" style=\"padding: 20px 0px 20px 0px;background-position:left top;background-repeat:no-repeat;-webkit-background-size:cover;-moz-background-size:cover;-o-background-size:cover;background-size:cover;\"   data-bg-url=\"\">\n\t\t\t\t\t\t<div class=\"fusion-column-content-centered\"><div class=\"fusion-column-content\"><div class=\"imageframe-align-center\"><span style=\"border:8px solid #ffffff;-webkit-box-shadow: 3px 3px 7px rgba(0,0,0,0.3);box-shadow: 3px 3px 7px rgba(0,0,0,0.3);\" class=\"fusion-imageframe imageframe-dropshadow imageframe-3 hover-type-none fusion-animated\" data-animationType=\"fadeInDown\" data-animationDuration=\"0.3\" data-animationOffset=\"100%\"><a href=\"https:\/\/ventorrillodelabuenavista.com.uy\/es\/wp-content\/uploads\/2020\/02\/vilamajo-4.jpg\" class=\"fusion-lightbox\" data-rel=\"iLightbox[99e48161efd8fefa1cb]\" data-title=\"Antiguo Ventorrillo\" title=\"Antiguo Ventorrillo\"><img loading=\"lazy\" src=\"https:\/\/ventorrillodelabuenavista.com.uy\/es\/wp-content\/uploads\/2020\/02\/vilamajo-4.jpg\" width=\"613\" height=\"414\" alt=\"\" class=\"img-responsive wp-image-202\" srcset=\"https:\/\/ventorrillodelabuenavista.com.uy\/es\/wp-content\/uploads\/2020\/02\/vilamajo-4-200x135.jpg 200w, https:\/\/ventorrillodelabuenavista.com.uy\/es\/wp-content\/uploads\/2020\/02\/vilamajo-4-400x270.jpg 400w, https:\/\/ventorrillodelabuenavista.com.uy\/es\/wp-content\/uploads\/2020\/02\/vilamajo-4-600x405.jpg 600w, https:\/\/ventorrillodelabuenavista.com.uy\/es\/wp-content\/uploads\/2020\/02\/vilamajo-4.jpg 613w\" sizes=\"(max-width: 800px) 100vw, 400px\" \/><\/a><\/span><\/div><\/div><\/div><div class=\"fusion-clearfix\"><\/div>\n\n\t\t\t\t\t<\/div>\n\t\t\t\t<\/div><div  class=\"fusion-layout-column fusion_builder_column fusion_builder_column_1_3 fusion-builder-column-7 fusion-one-third fusion-column-last 1_3\"  style='margin-top:0px;margin-bottom:0px;width:33.33%;width:calc(33.33% - ( ( 30px + 30px ) * 0.3333 ) );'>\n\t\t\t\t\t<div class=\"fusion-column-wrapper\" style=\"padding: 20px 20px 20px 20px;background-position:left top;background-repeat:no-repeat;-webkit-background-size:cover;-moz-background-size:cover;-o-background-size:cover;background-size:cover;\"   data-bg-url=\"\">\n\t\t\t\t\t\t<div class=\"fusion-column-content-centered\"><div class=\"fusion-column-content\"><div class=\"fusion-text\"><p>El Ventorrillo fue abandonado a fines de la d\u00e9cada de 1970, quedando a su buena suerte y sufriendo un gran deterioro.<\/p>\n<\/div><div class=\"fusion-text\"><p>Para su recuperaci\u00f3n se realiz\u00f3 una licitaci\u00f3n p\u00fablica, y una vez otorgada la concesi\u00f3n al Sr. Alberto Vignale, el 5 de Agosto de 2011 qued\u00f3 inaugurado el Nuevo Ventorrillo, tras un proceso de reconstrucci\u00f3n de casi dos a\u00f1os.<\/p>\n<\/div><\/div><\/div><div class=\"fusion-clearfix\"><\/div>\n\n\t\t\t\t\t<\/div>\n\t\t\t\t<\/div><\/div><\/div><div class=\"fusion-fullwidth fullwidth-box fusion-builder-row-5 fusion-parallax-fixed nonhundred-percent-fullwidth non-hundred-percent-height-scrolling\"  style='background-color: rgba(255,255,255,0);background-image: url(\"https:\/\/ventorrillodelabuenavista.com.uy\/es\/wp-content\/uploads\/2020\/02\/vilamajo-9.jpg\");background-position: center center;background-repeat: no-repeat;padding-top:250px;padding-right:0px;padding-bottom:250px;padding-left:0px;margin-bottom: 5px;margin-top: 5px;border-top-width:7px;border-bottom-width:7px;border-color:#dddddd;border-top-style:solid;border-bottom-style:solid;-webkit-background-size:cover;-moz-background-size:cover;-o-background-size:cover;background-size:cover;background-attachment:fixed;'><div class=\"fusion-builder-row fusion-row \"><div  class=\"fusion-layout-column fusion_builder_column fusion_builder_column_1_1 fusion-builder-column-8 fusion-one-full fusion-column-first fusion-column-last 1_1\"  style='margin-top:0px;margin-bottom:0px;'>\n\t\t\t\t\t<div class=\"fusion-column-wrapper\" style=\"padding: 0px 0px 0px 0px;background-position:left top;background-repeat:no-repeat;-webkit-background-size:cover;-moz-background-size:cover;-o-background-size:cover;background-size:cover;\"   data-bg-url=\"\">\n\t\t\t\t\t\t<div class=\"fusion-clearfix\"><\/div>\n\n\t\t\t\t\t<\/div>\n\t\t\t\t<\/div><\/div><\/div><div class=\"fusion-fullwidth fullwidth-box fusion-builder-row-6 fusion-parallax-fixed hundred-percent-fullwidth non-hundred-percent-height-scrolling fusion-equal-height-columns\"  style='background-color: rgba(255,255,255,0);background-image: url(\"https:\/\/ventorrillodelabuenavista.com.uy\/es\/wp-content\/uploads\/2020\/01\/fondo-madera-blanca-2.jpg\");background-position: center center;background-repeat: no-repeat;padding-top:40px;padding-right:30px;padding-bottom:40px;padding-left:30px;-webkit-background-size:cover;-moz-background-size:cover;-o-background-size:cover;background-size:cover;background-attachment:fixed;'><div class=\"fusion-builder-row fusion-row \"><div  class=\"fusion-layout-column fusion_builder_column fusion_builder_column_1_3 fusion-builder-column-9 fusion-one-third fusion-column-first 1_3\"  style='margin-top:0px;margin-bottom:0px;width:33.33%;width:calc(33.33% - ( ( 30px ) * 0.3333 ) );margin-right: 30px;'>\n\t\t\t\t\t<div class=\"fusion-column-wrapper\" style=\"padding: 20px 20px 20px 20px;background-position:left top;background-repeat:no-repeat;-webkit-background-size:cover;-moz-background-size:cover;-o-background-size:cover;background-size:cover;\"   data-bg-url=\"\">\n\t\t\t\t\t\t<div class=\"fusion-column-content-centered\"><div class=\"fusion-column-content\"><div class=\"fusion-text\"><p>En el a\u00f1o 2019 se inaugur\u00f3 el Espacio Vilamaj\u00f3: una sala museo en donde se rinde homenaje al arquitecto del Ventorrillo y se presentan exposiciones de diferentes artistas nacionales.<\/p>\n<\/div><div class=\"fusion-sep-clear\"><\/div><div class=\"fusion-separator fusion-full-width-sep sep-none\" style=\"margin-left: auto;margin-right: auto;margin-top:10px;\"><\/div><div class=\"imageframe-align-center\"><span style=\"border:8px solid #ffffff;-webkit-box-shadow: 3px 3px 7px rgba(0,0,0,0.3);box-shadow: 3px 3px 7px rgba(0,0,0,0.3);\" class=\"fusion-imageframe imageframe-dropshadow imageframe-4 hover-type-none fusion-animated\" data-animationType=\"fadeInDown\" data-animationDuration=\"0.3\" data-animationOffset=\"100%\"><a href=\"https:\/\/ventorrillodelabuenavista.com.uy\/es\/wp-content\/uploads\/2020\/01\/home-espacio-vilamajo.jpg\" class=\"fusion-lightbox\" data-rel=\"iLightbox[97ef4efa27231a0f263]\" data-title=\"Espacio Vilamaj\u00f3\" title=\"Espacio Vilamaj\u00f3\"><img loading=\"lazy\" src=\"https:\/\/ventorrillodelabuenavista.com.uy\/es\/wp-content\/uploads\/2020\/01\/home-espacio-vilamajo.jpg\" width=\"928\" height=\"544\" alt=\"Espacio Vilamaj\u00f3\" class=\"img-responsive wp-image-52\" srcset=\"https:\/\/ventorrillodelabuenavista.com.uy\/es\/wp-content\/uploads\/2020\/01\/home-espacio-vilamajo-200x117.jpg 200w, https:\/\/ventorrillodelabuenavista.com.uy\/es\/wp-content\/uploads\/2020\/01\/home-espacio-vilamajo-400x234.jpg 400w, https:\/\/ventorrillodelabuenavista.com.uy\/es\/wp-content\/uploads\/2020\/01\/home-espacio-vilamajo-600x352.jpg 600w, https:\/\/ventorrillodelabuenavista.com.uy\/es\/wp-content\/uploads\/2020\/01\/home-espacio-vilamajo-800x469.jpg 800w, https:\/\/ventorrillodelabuenavista.com.uy\/es\/wp-content\/uploads\/2020\/01\/home-espacio-vilamajo.jpg 928w\" sizes=\"(max-width: 800px) 100vw, 400px\" \/><\/a><\/span><\/div><\/div><\/div><div class=\"fusion-clearfix\"><\/div>\n\n\t\t\t\t\t<\/div>\n\t\t\t\t<\/div><div  class=\"fusion-layout-column fusion_builder_column fusion_builder_column_2_3 fusion-builder-column-10 fusion-two-third fusion-column-last 2_3\"  style='margin-top:0px;margin-bottom:0px;width:66.66%;width:calc(66.66% - ( ( 30px ) * 0.6666 ) );'>\n\t\t\t\t\t<div class=\"fusion-column-wrapper\" style=\"padding: 0px 0px 0px 0px;background-position:left top;background-repeat:no-repeat;-webkit-background-size:cover;-moz-background-size:cover;-o-background-size:cover;background-size:cover;\"   data-bg-url=\"\">\n\t\t\t\t\t\t<div class=\"fusion-column-content-centered\"><div class=\"fusion-column-content\"><div class=\"fusion-sep-clear\"><\/div><div class=\"fusion-separator fusion-no-large-visibility fusion-full-width-sep sep-none\" style=\"margin-left: auto;margin-right: auto;margin-top:30px;\"><\/div><div class=\"imageframe-align-center\"><span style=\"border:8px solid #ffffff;-webkit-box-shadow: 3px 3px 7px rgba(0,0,0,0.3);box-shadow: 3px 3px 7px rgba(0,0,0,0.3);\" class=\"fusion-imageframe imageframe-dropshadow imageframe-5 hover-type-none fusion-animated\" data-animationType=\"fadeInDown\" data-animationDuration=\"0.3\" data-animationOffset=\"100%\"><a href=\"https:\/\/ventorrillodelabuenavista.com.uy\/es\/wp-content\/uploads\/2020\/02\/vilamajo-6.jpg\" class=\"fusion-lightbox\" data-rel=\"iLightbox[747b9080acfff7318ea]\" data-title=\"Espacio Vilamaj\u00f3\" title=\"Espacio Vilamaj\u00f3\"><img loading=\"lazy\" src=\"https:\/\/ventorrillodelabuenavista.com.uy\/es\/wp-content\/uploads\/2020\/02\/vilamajo-6.jpg\" width=\"1548\" height=\"1003\" alt=\"\" class=\"img-responsive wp-image-207\" srcset=\"https:\/\/ventorrillodelabuenavista.com.uy\/es\/wp-content\/uploads\/2020\/02\/vilamajo-6-200x130.jpg 200w, https:\/\/ventorrillodelabuenavista.com.uy\/es\/wp-content\/uploads\/2020\/02\/vilamajo-6-400x259.jpg 400w, https:\/\/ventorrillodelabuenavista.com.uy\/es\/wp-content\/uploads\/2020\/02\/vilamajo-6-600x389.jpg 600w, https:\/\/ventorrillodelabuenavista.com.uy\/es\/wp-content\/uploads\/2020\/02\/vilamajo-6-800x518.jpg 800w, https:\/\/ventorrillodelabuenavista.com.uy\/es\/wp-content\/uploads\/2020\/02\/vilamajo-6-1200x778.jpg 1200w, https:\/\/ventorrillodelabuenavista.com.uy\/es\/wp-content\/uploads\/2020\/02\/vilamajo-6.jpg 1548w\" sizes=\"(max-width: 800px) 100vw, 800px\" \/><\/a><\/span><\/div><\/div><\/div><div class=\"fusion-clearfix\"><\/div>\n\n\t\t\t\t\t<\/div>\n\t\t\t\t<\/div><\/div><\/div><div class=\"fusion-fullwidth fullwidth-box fusion-builder-row-7 nonhundred-percent-fullwidth non-hundred-percent-height-scrolling\"  style='background-color: #63a331;background-position: center center;background-repeat: no-repeat;padding-top:70px;padding-right:70px;padding-bottom:70px;padding-left:70px;margin-bottom: 50px;'><div class=\"fusion-builder-row fusion-row \"><div  class=\"fusion-layout-column fusion_builder_column fusion_builder_column_1_1 fusion-builder-column-11 fusion-one-full fusion-column-first fusion-column-last 1_1\"  style='margin-top:0px;margin-bottom:0px;'>\n\t\t\t\t\t<div class=\"fusion-column-wrapper\" style=\"padding: 0px 0px 0px 0px;background-position:left top;background-repeat:no-repeat;-webkit-background-size:cover;-moz-background-size:cover;-o-background-size:cover;background-size:cover;\"   data-bg-url=\"\">\n\t\t\t\t\t\t<style type=\"text\/css\">@media only screen and (max-width:800px) {.fusion-title.fusion-title-4{margin-top:0px!important;margin-bottom:0px!important;}}<\/style><div class=\"fusion-title title fusion-title-4 fusion-sep-none fusion-title-center fusion-title-text fusion-title-size-one\" style=\"font-size:20px;margin-top:0px;margin-bottom:0px;\"><h1 class=\"title-heading-center\" style=\"margin:0;font-size:1em;color:#ffffff;\"><em>\u00bb Por suerte la naturaleza mantiene dentro nuestro algo de la intuici\u00f3n primitiva. Porque, \u00bfqu\u00e9 ser\u00eda del mundo donde todo fuera explicado o tuviera necesidad de una explicaci\u00f3n? Detestable, detestable. La magia existe, tiene que existir, para perfumar la vida y por m\u00e1s que la ciencia chance por matar su madre la Magia: no podr\u00e1. Siempre habr\u00e1 magos o genios que se encargar\u00e1n de que esto no suceda. \u00ab<\/em><\/h1><\/div><style type=\"text\/css\">@media only screen and (max-width:800px) {.fusion-title.fusion-title-5{margin-top:20px!important;margin-bottom:0px!important;}}<\/style><div class=\"fusion-title title fusion-title-5 fusion-sep-none fusion-title-center fusion-title-text fusion-title-size-one\" style=\"margin-top:20px;margin-bottom:0px;\"><h1 class=\"title-heading-center\" style=\"margin:0;color:#ffffff;\">Julio Vilamaj\u00f3<\/h1><\/div><div class=\"fusion-clearfix\"><\/div>\n\n\t\t\t\t\t<\/div>\n\t\t\t\t<\/div><\/div><\/div><\/p>\n","protected":false},"excerpt":{"rendered":"","protected":false},"author":1,"featured_media":0,"parent":0,"menu_order":0,"comment_status":"closed","ping_status":"closed","template":"100-width.php","meta":[],"_links":{"self":[{"href":"https:\/\/ventorrillodelabuenavista.com.uy\/es\/wp-json\/wp\/v2\/pages\/190"}],"collection":[{"href":"https:\/\/ventorrillodelabuenavista.com.uy\/es\/wp-json\/wp\/v2\/pages"}],"about":[{"href":"https:\/\/ventorrillodelabuenavista.com.uy\/es\/wp-json\/wp\/v2\/types\/page"}],"author":[{"embeddable":true,"href":"https:\/\/ventorrillodelabuenavista.com.uy\/es\/wp-json\/wp\/v2\/users\/1"}],"replies":[{"embeddable":true,"href":"https:\/\/ventorrillodelabuenavista.com.uy\/es\/wp-json\/wp\/v2\/comments?post=190"}],"version-history":[{"count":18,"href":"https:\/\/ventorrillodelabuenavista.com.uy\/es\/wp-json\/wp\/v2\/pages\/190\/revisions"}],"predecessor-version":[{"id":303,"href":"https:\/\/ventorrillodelabuenavista.com.uy\/es\/wp-json\/wp\/v2\/pages\/190\/revisions\/303"}],"wp:attachment":[{"href":"https:\/\/ventorrillodelabuenavista.com.uy\/es\/wp-json\/wp\/v2\/media?parent=190"}],"curies":[{"name":"wp","href":"https:\/\/api.w.org\/{rel}","templated":true}]}}